{"id":13,"date":"2023-03-20T10:22:22","date_gmt":"2023-03-20T09:22:22","guid":{"rendered":"https:\/\/www.gardonyi-suli.hu\/?page_id=13"},"modified":"2026-04-20T08:13:08","modified_gmt":"2026-04-20T06:13:08","slug":"dokumentumok","status":"publish","type":"page","link":"https:\/\/www.gardonyi-suli.hu\/?page_id=13","title":{"rendered":"Dokumentumok"},"content":{"rendered":"\t\t<div data-elementor-type=\"wp-page\" data-elementor-id=\"13\" class=\"elementor elementor-13\" data-elementor-settings=\"{&quot;ha_cmc_init_switcher&quot;:&quot;no&quot;}\">\n\t\t\t\t\t\t<section class=\"elementor-section elementor-top-section elementor-element elementor-element-5f246cab elementor-section-boxed elementor-section-height-default elementor-section-height-default\" data-id=\"5f246cab\" data-element_type=\"section\" data-e-type=\"section\" data-settings=\"{&quot;_ha_eqh_enable&quot;:false}\">\n\t\t\t\t\t\t<div class=\"elementor-container elementor-column-gap-default\">\n\t\t\t\t\t<div class=\"elementor-column elementor-col-66 elementor-top-column elementor-element elementor-element-6ecdb911\" data-id=\"6ecdb911\" data-element_type=\"column\" data-e-type=\"column\">\n\t\t\t<div class=\"elementor-widget-wrap elementor-element-populated\">\n\t\t\t\t\t\t<div class=\"elementor-element elementor-element-1b2fe781 elementor-align-start elementor-icon-list--layout-traditional elementor-list-item-link-full_width ha-has-bg-overlay elementor-widget elementor-widget-icon-list\" data-id=\"1b2fe781\" data-element_type=\"widget\" data-e-type=\"widget\" data-widget_type=\"icon-list.default\">\n\t\t\t\t<div class=\"elementor-widget-container\">\n\t\t\t\t\t\t\t<ul class=\"elementor-icon-list-items\">\n\t\t\t\t\t\t\t<li class=\"elementor-icon-list-item\">\n\t\t\t\t\t\t\t\t\t\t\t<span class=\"elementor-icon-list-icon\">\n\t\t\t\t\t\t\t<i aria-hidden=\"true\" class=\"fas fa-angle-right\"><\/i>\t\t\t\t\t\t<\/span>\n\t\t\t\t\t\t\t\t\t\t<span class=\"elementor-icon-list-text\">Dokumentumok<\/span>\n\t\t\t\t\t\t\t\t\t<\/li>\n\t\t\t\t\t\t<\/ul>\n\t\t\t\t\t\t<\/div>\n\t\t\t\t<\/div>\n\t\t\t\t<div class=\"elementor-element elementor-element-f130cc8 elementor-widget elementor-widget-text-editor\" data-id=\"f130cc8\" data-element_type=\"widget\" data-e-type=\"widget\" data-widget_type=\"text-editor.default\">\n\t\t\t\t<div class=\"elementor-widget-container\">\n\t\t\t\t\t\t\t\t\t<p><a href=\"https:\/\/www.gardonyi-suli.hu\/wp-content\/uploads\/2026\/03\/Bemutatkozas-leendo-elsosoknek_2026.docx\">Bemutatkoz\u00e1s a leend\u0151 els\u0151s\u00f6knek<\/a><\/p><p><a href=\"https:\/\/www.gardonyi-suli.hu\/wp-content\/uploads\/2026\/02\/1.sz_.melleklet_2026_2027.pdf\">T\u00e1j\u00e9koztat\u00f3 az \u00e1ltal\u00e1nos iskol\u00e1k felv\u00e9teli k\u00f6rzet\u00e9r\u0151l<\/a><\/p><p class=\"eael-entry-title\"><a href=\"https:\/\/www.gardonyi-suli.hu\/wp-content\/uploads\/2026\/04\/BAI_Szuloi-tajekoztato_2026.pdf\">KR\u00c9TA elektronikus \u00fcgyint\u00e9z\u00e9s (Beiratkoz\u00e1s az \u00e1ltal\u00e1nos iskol\u00e1ba 2026.)<\/a><\/p><p><a href=\"https:\/\/www.gardonyi-suli.hu\/wp-content\/uploads\/2023\/11\/Tanulo_ASZF_1_szamu_modositas_egyseges_szerkezetben20230927.pdf\">\u00c1SZF RRF-1.2.1<\/a><\/p><p><a href=\"https:\/\/www.gardonyi-suli.hu\/wp-content\/uploads\/2024\/05\/Pedagogiai-program-mellekletekkel-2024.pdf\">Pedag\u00f3giai programunk<\/a><\/p><p><a href=\"https:\/\/www.gardonyi-suli.hu\/wp-content\/uploads\/2024\/03\/SZMSZ_Tokodaltaroi-Gardonyi-Geza-Altalanos-Iskola_2024.pdf\">Szervezeti \u00e9s m\u0171k\u00f6d\u00e9si szab\u00e1lyzatunk<\/a><\/p><p><a href=\"https:\/\/www.gardonyi-suli.hu\/wp-content\/uploads\/2025\/01\/Hazirend_KB2001.pdf\">H\u00e1zirend\u00fcnk 2025<\/a><\/p><p><a href=\"https:\/\/www.gardonyi-suli.hu\/wp-content\/uploads\/2025\/10\/Tokodaltaroi-Gardonyi-Geza-Altalanos-Iskola_szakmai-alapdokumentuma.pdf\">Szakmai\u00a0alapdokumentum 2025<\/a><\/p><div class=\"wpb_text_column wpb_content_element \"><div class=\"wpb_wrapper\"><p><a href=\"https:\/\/www.gardonyi-suli.hu\/wp-content\/uploads\/2025\/01\/Tokodaltaroi-Gardonyi-Geza-Altalanos-Iskola-Adatkezelesi-szabalyzata-es-tajekoztatoja.pdf\">Adatkezel\u00e9si szab\u00e1lyzat \u00e9s t\u00e1j\u00e9koztat\u00f3 2025<\/a><\/p><p><a href=\"https:\/\/www.gardonyi-suli.hu\/wp-content\/uploads\/2025\/03\/Adatvedelmi-tisztviselo2025.docx\">Adatv\u00e9delmi tisztvisel\u0151<\/a><\/p><p><a href=\"https:\/\/www.gardonyi-suli.hu\/wp-content\/uploads\/2023\/03\/20220503074932.pdf\">lnt\u00e9zm\u00e9nyfejleszt\u00e9si \u00e9s int\u00e9zked\u00e9si terv<\/a><\/p><p><a href=\"https:\/\/www.gardonyi-suli.hu\/wp-content\/uploads\/2024\/03\/6_sz-melleklet_-Komarom-Esztergom-Varmegyei-Pedagogiai-Szakszolgalat-mukodesi-korzete-1.pdf\">T\u00e1j\u00e9koztat\u00f3 a pedag\u00f3giai szakszolg\u00e1lat m\u0171k\u00f6d\u00e9si k\u00f6rzet\u00e9nek kijel\u00f6l\u00e9s\u00e9r\u0151l<\/a><\/p><\/div><\/div><div class=\"wpb_text_column wpb_content_element \"><div class=\"wpb_wrapper\"><div class=\"su-button-center\"><a href=\"https:\/\/www.gardonyi-suli.hu\/wp-content\/uploads\/2025\/01\/Tokodaltaroi-Gardonyi-Geza-Altalanos-Iskola-Panaszkezelesi-szabalyzata.pdf\">Panaszkezel\u00e9si szab\u00e1lyzat 2025<\/a><\/div><div>\u00a0<\/div><\/div><\/div><div><a href=\"https:\/\/www.gardonyi-suli.hu\/wp-content\/uploads\/2023\/04\/vezetoi-program.pdf\">Vezet\u0151i program<\/a><\/div><h4>\u00a0<\/h4><h4><strong>Alap\u00edtv\u00e1nyi besz\u00e1mol\u00f3k<\/strong><\/h4><p><a href=\"https:\/\/www.gardonyi-suli.hu\/wp-content\/uploads\/2023\/03\/2016.-evi-alapitvanyi-beszamolo-1.pdf\">2016<\/a>\u00a0 <a href=\"https:\/\/www.gardonyi-suli.hu\/wp-content\/uploads\/2023\/03\/20210504051407-1.pdf\">2020<\/a>\u00a0 <a href=\"https:\/\/www.gardonyi-suli.hu\/wp-content\/uploads\/2025\/10\/Beszamolo_2022_Tokodaltaroi-Gardonyis-Gyermekekert-Kozhasznu-Alapitvany.pdf\">2022<\/a>\u00a0 <a href=\"https:\/\/www.gardonyi-suli.hu\/wp-content\/uploads\/2025\/10\/Beszamolo_2023_Tokodaltaroi-Gardonyis-Gyermekekert-Kozhasznu-Alapitvany.pdf\">2023<\/a>\u00a0\u00a0<a style=\"font-size: 1rem;\" href=\"https:\/\/www.gardonyi-suli.hu\/wp-content\/uploads\/2025\/10\/Beszamolo_2024_Tokodaltaroi-Gardonyis-Gyermekekert-Kozhasznu-Alapitvany.pdf\" target=\"_blank\" rel=\"noopener\">2024<\/a><\/p><div class=\"wpb_text_column wpb_content_element \"><h4>K\u00f6zz\u00e9t\u00e9teli lista<\/h4><p><a href=\"https:\/\/kir.oktatas.hu\/kirint.show\/1200829\">Iskola adatai az oktat\u00e1si hivatal weboldal\u00e1n<\/a><\/p><p><a href=\"https:\/\/www.gardonyi-suli.hu\/wp-content\/uploads\/2025\/02\/Kozzeteteli-lista-KIR.pdf\" target=\"_blank\" rel=\"noopener\">K\u00f6zz\u00e9t\u00e9teli lista 2024-25<\/a><\/p><p><a href=\"https:\/\/www.gardonyi-suli.hu\/wp-content\/uploads\/2023\/03\/Az-iskolai-osztalyok-szama-tanulok-letszama2022-2023..docx\">A<\/a><a href=\"https:\/\/www.gardonyi-suli.hu\/wp-content\/uploads\/2025\/10\/Iskolai-osztalyok-szama-letszama-2025.pdf\">z iskolai oszt\u00e1lyok sz\u00e1ma, tanul\u00f3k l\u00e9tsz\u00e1ma 2025-2026<\/a><\/p><p><a href=\"https:\/\/www.gardonyi-suli.hu\/wp-content\/uploads\/2023\/03\/A-beiratkozasra-meghatarozott-ido.pdf\">A beiratkoz\u00e1sra meghat\u00e1rozott id\u0151<\/a><\/p><p><a href=\"https:\/\/www.gardonyi-suli.hu\/wp-content\/uploads\/2024\/05\/OSZTALYOZO-VIZSGA-KOVETELMENYEI.pdf\">Oszt\u00e1lyoz\u00f3 vizsga k\u00f6vetelm\u00e9nyei <\/a><\/p><p><a href=\"https:\/\/www.gardonyi-suli.hu\/wp-content\/uploads\/2023\/03\/2018-Intezmenyi-tanfelugyeleti-ellenorzes-megallapitasai-2.pdf\">Int\u00e9zm\u00e9nyi tanfel\u00fcgyeleti ellen\u0151rz\u00e9s meg\u00e1llap\u00edt\u00e1sai 2018<\/a><\/p><p><a href=\"https:\/\/www.gardonyi-suli.hu\/wp-content\/uploads\/2024\/01\/PEM_Eredmenyek.pdf\">Int\u00e9zm\u00e9nyi tanfel\u00fcgyeleti ellen\u0151rz\u00e9s meg\u00e1llap\u00edt\u00e1sai 2022<\/a><\/p><p><a href=\"https:\/\/www.gardonyi-suli.hu\/wp-content\/uploads\/2025\/03\/Tanfelugyelet-Intezmenyi.pdf\">Int\u00e9zm\u00e9nyi tanfel\u00fcgyeleti ellen\u0151rz\u00e9s meg\u00e1llap\u00edt\u00e1sai 2025<\/a><\/p><p><a href=\"https:\/\/www.gardonyi-suli.hu\/wp-content\/uploads\/2025\/10\/Pedagogusok-2025.pdf\">Pedag\u00f3gusok 2025-2026<\/a><\/p><p><a href=\"https:\/\/www.gardonyi-suli.hu\/wp-content\/uploads\/2023\/09\/Koznevelesi-intezmeny-fenntartoja.docx\">K\u00f6znevel\u00e9si int\u00e9zm\u00e9ny fenntart\u00f3ja<\/a><\/p><p><a href=\"https:\/\/www.gardonyi-suli.hu\/wp-content\/uploads\/2025\/10\/Tokodaltaroi-Gardonyi-Geza-Altalanos-Iskola_Munkaterv_2025_2026_tanev.pdf\">Munkaterv 2025-2026<\/a><\/p><p><a href=\"https:\/\/www.gardonyi-suli.hu\/wp-content\/uploads\/2025\/10\/Felveteli-lehetosegekrol-szolo-tajekoztato-2025.pdf\">A felv\u00e9teli lehet\u0151s\u00e9gekr\u0151l sz\u00f3l\u00f3 t\u00e1j\u00e9koztat\u00f3 2025<\/a><\/p><p><a href=\"https:\/\/www.gardonyi-suli.hu\/wp-content\/uploads\/2025\/10\/A-hetvegi-hazi-feladatok-es-az-iskolai-dolgozatok-szabalyai-2025.pdf\">A h\u00e9tv\u00e9gi h\u00e1zi feladatok \u00e9s az iskolai dolgozatok szab\u00e1lyai 2025<\/a><\/p><p><a href=\"https:\/\/www.gardonyi-suli.hu\/wp-content\/uploads\/2025\/10\/Nyitvatartas-rendje-2025.pdf\">A nevel\u00e9si-oktat\u00e1si int\u00e9zm\u00e9ny nyitva tart\u00e1s\u00e1nak rendje 2025<\/a><\/p><p><a href=\"https:\/\/www.gardonyi-suli.hu\/wp-content\/uploads\/2023\/03\/A-tanoran-kivuli-egyeb-foglalkozasok-igenybevetelenek-lehetosege-2020.pdf\">A tan\u00f3r\u00e1n k\u00edv\u00fcli egy\u00e9b foglalkoz\u00e1sok ig\u00e9nybev\u00e9tel\u00e9nek lehet\u0151s\u00e9ge<\/a><\/p><p><a href=\"https:\/\/www.gardonyi-suli.hu\/wp-content\/uploads\/2025\/10\/Tanulok-le-es-kimaradasaval-kapcsolatos-tudnivalok-2025.pdf\">A tanul\u00f3k le- \u00e9s kimarad\u00e1s\u00e1val, \u00e9vfolyamism\u00e9tl\u00e9s\u00e9vel kapcsolatos adatok 2025<\/a><\/p><p><span style=\"color: var( --e-global-color-text ); font-family: var( --e-global-typography-text-font-family ), Sans-serif; font-size: 1rem; font-weight: var( --e-global-typography-text-font-weight );\">Kompetenciam\u00e9r\u00e9sek eredm\u00e9nyei:<\/span><\/p><p><a style=\"font-size: 1rem;\" href=\"https:\/\/www.gardonyi-suli.hu\/wp-content\/uploads\/2025\/10\/A-2024.-evi-digitalis-orszagos-kompetenciameres-eredmenyei.pdf\" target=\"_blank\" rel=\"noopener\">2024<\/a>\u00a0 \u00a0<a style=\"font-size: 1rem;\" href=\"https:\/\/www.gardonyi-suli.hu\/wp-content\/uploads\/2025\/10\/A-2023.-evi-kompetenciameres-eredmenyei.pdf\" target=\"_blank\" rel=\"noopener\">2023<\/a>\u00a0 \u00a0<a href=\"https:\/\/www.gardonyi-suli.hu\/wp-content\/uploads\/2024\/03\/IntezmenyiOsszefoglalo_200829_OKM2022-2.pdf\">2022<\/a>\u00a0 \u00a0<a href=\"https:\/\/www.gardonyi-suli.hu\/wp-content\/uploads\/2024\/01\/Kompeten\">2021<\/a>\u00a0 \u00a0<a href=\"https:\/\/www.gardonyi-suli.hu\/wp-content\/uploads\/2023\/03\/2019.evi-kompetenciameres-eredmenyei.pdf\">2019<\/a>\u00a0 \u00a0<a href=\"https:\/\/www.gardonyi-suli.hu\/wp-content\/uploads\/2023\/03\/Kompetenciameres-eredmenyei.pdf\">2018<\/a>\u00a0 \u00a0<a href=\"https:\/\/www.gardonyi-suli.hu\/wp-content\/uploads\/2023\/03\/2017.-evi-kompetenciameres-eredmenyei.pdf\">2017<\/a>\u00a0 \u00a0<a href=\"https:\/\/www.gardonyi-suli.hu\/wp-content\/uploads\/2023\/03\/2016.-evi-kompetenciameres-eredmenyei.pdf\">2016<\/a>\u00a0 <a href=\"https:\/\/www.gardonyi-suli.hu\/wp-content\/uploads\/2023\/03\/Kompetenciameres-Tokodaltaro-2015.pdf\">2015<\/a>\u00a0 \u00a0<a href=\"https:\/\/www.gardonyi-suli.hu\/wp-content\/uploads\/2023\/03\/Kompetenciameres-Tokodaltaro-2014.pdf\">2014\u00a0<\/a> \u00a0<a href=\"https:\/\/www.gardonyi-suli.hu\/wp-content\/uploads\/2023\/03\/Kompetenciameres-Tokodaltaro-2013.pdf\">2013<\/a>\u00a0 \u00a0<a href=\"https:\/\/www.gardonyi-suli.hu\/wp-content\/uploads\/2023\/03\/Kompetenciameres-Tokodaltaro-2012.pdf\">2012\u00a0<\/a> \u00a0<a href=\"https:\/\/www.gardonyi-suli.hu\/wp-content\/uploads\/2023\/03\/Kompetenciameres-Tokodaltaro-2011.pdf\">2011<\/a><\/p><p><a href=\"https:\/\/www.gardonyi-suli.hu\/wp-content\/uploads\/2025\/10\/Nemzeti-iskolai-unnepek-megemlekezesek-a-2025.pdf\" target=\"_blank\" rel=\"noopener\">Nemzeti, iskolai \u00fcnnepek, megeml\u00e9kez\u00e9sek 2025-2026<\/a><\/p><p><a href=\"https:\/\/www.gardonyi-suli.hu\/wp-content\/uploads\/2025\/10\/Nevelo-oktato-munkat-segito-2025.pdf\">Nevel\u0151-oktat\u00f3 munk\u00e1t seg\u00edt\u0151 2025-2026<\/a><\/p><p><a href=\"https:\/\/www.gardonyi-suli.hu\/wp-content\/uploads\/2025\/10\/Teritesi-dij-fizetesi-kotelezettseg-2025.pdf\">T\u00e9r\u00edt\u00e9si d\u00edj fizet\u00e9si k\u00f6telezetts\u00e9g 2025<\/a><\/p><p><a href=\"https:\/\/www.gardonyi-suli.hu\/wp-content\/uploads\/2025\/10\/Tanulmanyok-altti-vizsgak-szabalyai-2025.pdf\">Tanulm\u00e1nyok alatti vizsg\u00e1k szab\u00e1lyai 2025<\/a><\/p><p><a href=\"https:\/\/www.gardonyi-suli.hu\/wp-content\/uploads\/2025\/09\/TK_106_00614_1_2025-ertekeles.pdf\">Fenntart\u00f3i \u00e9rt\u00e9kel\u00e9s 2025<\/a><\/p><\/div>\t\t\t\t\t\t\t\t<\/div>\n\t\t\t\t<\/div>\n\t\t\t\t\t<\/div>\n\t\t<\/div>\n\t\t\t\t<div class=\"elementor-column elementor-col-33 elementor-top-column elementor-element elementor-element-44f0f5ae\" data-id=\"44f0f5ae\" data-element_type=\"column\" data-e-type=\"column\">\n\t\t\t<div class=\"elementor-widget-wrap elementor-element-populated\">\n\t\t\t\t\t\t<div class=\"elementor-element elementor-element-a60d3c2 elementor-align-start elementor-icon-list--layout-traditional elementor-list-item-link-full_width ha-has-bg-overlay elementor-widget elementor-widget-icon-list\" data-id=\"a60d3c2\" data-element_type=\"widget\" data-e-type=\"widget\" data-widget_type=\"icon-list.default\">\n\t\t\t\t<div class=\"elementor-widget-container\">\n\t\t\t\t\t\t\t<ul class=\"elementor-icon-list-items\">\n\t\t\t\t\t\t\t<li class=\"elementor-icon-list-item\">\n\t\t\t\t\t\t\t\t\t\t\t<span class=\"elementor-icon-list-icon\">\n\t\t\t\t\t\t\t<i aria-hidden=\"true\" class=\"fas fa-book-open\"><\/i>\t\t\t\t\t\t<\/span>\n\t\t\t\t\t\t\t\t\t\t<span class=\"elementor-icon-list-text\">E-kr\u00e9ta<\/span>\n\t\t\t\t\t\t\t\t\t<\/li>\n\t\t\t\t\t\t<\/ul>\n\t\t\t\t\t\t<\/div>\n\t\t\t\t<\/div>\n\t\t\t\t<div data-ha-element-link=\"{&quot;url&quot;:&quot;https:\\\/\\\/idp.e-kreta.hu\\\/Account\\\/Login?ReturnUrl=%2Fconnect%2Fauthorize%2Fcallback%3Fclient_id%3Dkreta-web%26response_type%3Dcode%26scope%3Dopenid%26state%3DOpenIdConnect.AuthenticationProperties%253D25NTvdB01H2IEEiITK6X3s6opiINHQ6WT6hbpMLZWjH-RcDW_lyl0w57nQmjvzpOM3yXXBj3pJTpBx5TL6U290Q0kf9QfTZuX4T-IjYF67FpK9szJ17mKVtbKGvSO19ZoB0bpCtvq_eKfs5NfK-bTw%26response_mode%3Dform_post%26nonce%3D638149906604594761.NTNhNzcxMDQtY2U2OS00YTdkLTg3YTYtYzE0NjY4NDMzMTM3Y2E5ODc5MzgtZDM5Ni00MmEzLWFlYmYtNTA2YmE2MjE5NTg1%26institute_code%3Dklik200829004%26institute_data%3DeyJuZXh0X3VwZGF0ZV9kYXRlX3RpbWUiOiIyMDIzLjAzLjIzLiAyMjowMCIsImlzX3N6aXJfaW5zdGl0dXRlIjpmYWxzZSwiaXNfbGljZW5jZV92YWxpZCI6dHJ1ZSwiaXNfYXJjaGl2ZSI6ZmFsc2UsImlzX2Nzb2trZW50ZXR0X2dvbmR2aXNlbG8iOnRydWUsImlzX2ludGV6bWVueV9yb3ZpZG5ldiI6dHJ1ZSwiaXNfc3VjY2Vzc19hdXRob3JpemVkX2RhdGUiOmZhbHNlfQ%253D%253D%26prompt%3Dlogin%26redirect_uri%3Dhttps%253A%252F%252Fklik200829004.e-kreta.hu%26x-client-SKU%3DID_NET461%26x-client-ver%3D5.3.0.0%26suppressed_prompt%3Dlogin&quot;,&quot;is_external&quot;:&quot;&quot;,&quot;nofollow&quot;:&quot;&quot;}\" style=\"cursor: pointer\" class=\"elementor-element elementor-element-23f9b7fc elementor-widget elementor-widget-image\" data-id=\"23f9b7fc\" data-element_type=\"widget\" data-e-type=\"widget\" data-widget_type=\"image.default\">\n\t\t\t\t<div class=\"elementor-widget-container\">\n\t\t\t\t\t\t\t\t\t\t\t\t\t\t\t<img decoding=\"async\" width=\"150\" height=\"150\" src=\"https:\/\/www.gardonyi-suli.hu\/wp-content\/uploads\/2023\/03\/unnamed-150x150.png\" class=\"attachment-thumbnail size-thumbnail wp-image-104\" alt=\"\" srcset=\"https:\/\/www.gardonyi-suli.hu\/wp-content\/uploads\/2023\/03\/unnamed-150x150.png 150w, https:\/\/www.gardonyi-suli.hu\/wp-content\/uploads\/2023\/03\/unnamed-300x300.png 300w, https:\/\/www.gardonyi-suli.hu\/wp-content\/uploads\/2023\/03\/unnamed.png 512w\" sizes=\"(max-width: 150px) 100vw, 150px\" \/>\t\t\t\t\t\t\t\t\t\t\t\t\t\t\t<\/div>\n\t\t\t\t<\/div>\n\t\t\t\t<div class=\"elementor-element elementor-element-526d26d2 elementor-align-start elementor-icon-list--layout-traditional elementor-list-item-link-full_width ha-has-bg-overlay elementor-widget elementor-widget-icon-list\" data-id=\"526d26d2\" data-element_type=\"widget\" data-e-type=\"widget\" data-widget_type=\"icon-list.default\">\n\t\t\t\t<div class=\"elementor-widget-container\">\n\t\t\t\t\t\t\t<ul class=\"elementor-icon-list-items\">\n\t\t\t\t\t\t\t<li class=\"elementor-icon-list-item\">\n\t\t\t\t\t\t\t\t\t\t\t<span class=\"elementor-icon-list-icon\">\n\t\t\t\t\t\t\t<i aria-hidden=\"true\" class=\"fas fa-angle-down\"><\/i>\t\t\t\t\t\t<\/span>\n\t\t\t\t\t\t\t\t\t\t<span class=\"elementor-icon-list-text\">Alap\u00edtv\u00e1nyunk<\/span>\n\t\t\t\t\t\t\t\t\t<\/li>\n\t\t\t\t\t\t<\/ul>\n\t\t\t\t\t\t<\/div>\n\t\t\t\t<\/div>\n\t\t\t\t<div data-ha-element-link=\"{&quot;url&quot;:&quot;https:\\\/\\\/www.gardonyi-suli.hu\\\/?page_id=18&quot;,&quot;is_external&quot;:&quot;&quot;,&quot;nofollow&quot;:&quot;&quot;}\" style=\"cursor: pointer\" class=\"elementor-element elementor-element-562ea575 elementor-widget elementor-widget-image\" data-id=\"562ea575\" data-element_type=\"widget\" data-e-type=\"widget\" data-widget_type=\"image.default\">\n\t\t\t\t<div class=\"elementor-widget-container\">\n\t\t\t\t\t\t\t\t\t\t\t\t\t\t\t<img decoding=\"async\" width=\"245\" height=\"160\" src=\"https:\/\/www.gardonyi-suli.hu\/wp-content\/uploads\/2023\/03\/Alapitvany.png\" class=\"attachment-large size-large wp-image-112\" alt=\"\" \/>\t\t\t\t\t\t\t\t\t\t\t\t\t\t\t<\/div>\n\t\t\t\t<\/div>\n\t\t\t\t\t<\/div>\n\t\t<\/div>\n\t\t\t\t\t<\/div>\n\t\t<\/section>\n\t\t\t\t<\/div>\n\t\t","protected":false},"excerpt":{"rendered":"<p>Dokumentumok Bemutatkoz\u00e1s a leend\u0151 els\u0151s\u00f6knek T\u00e1j\u00e9koztat\u00f3 az \u00e1ltal\u00e1nos iskol\u00e1k felv\u00e9teli k\u00f6rzet\u00e9r\u0151l KR\u00c9TA elektronikus \u00fcgyint\u00e9z\u00e9s (Beiratkoz\u00e1s az \u00e1ltal\u00e1nos iskol\u00e1ba 2026.) \u00c1SZF RRF-1.2.1 Pedag\u00f3giai programunk Szervezeti \u00e9s m\u0171k\u00f6d\u00e9si szab\u00e1lyzatunk H\u00e1zirend\u00fcnk 2025 Szakmai\u00a0alapdokumentum 2025 Adatkezel\u00e9si szab\u00e1lyzat \u00e9s t\u00e1j\u00e9koztat\u00f3 2025 Adatv\u00e9delmi tisztvisel\u0151 lnt\u00e9zm\u00e9nyfejleszt\u00e9si \u00e9s int\u00e9zked\u00e9si terv T\u00e1j\u00e9koztat\u00f3 a pedag\u00f3giai szakszolg\u00e1lat m\u0171k\u00f6d\u00e9si k\u00f6rzet\u00e9nek kijel\u00f6l\u00e9s\u00e9r\u0151l Panaszkezel\u00e9si szab\u00e1lyzat 2025\u00a0Vezet\u0151i program \u00a0 Alap\u00edtv\u00e1nyi [&hellip;]<\/p>\n","protected":false},"author":1,"featured_media":0,"parent":0,"menu_order":0,"comment_status":"closed","ping_status":"closed","template":"","meta":{"footnotes":""},"class_list":["post-13","page","type-page","status-publish","hentry"],"_links":{"self":[{"href":"https:\/\/www.gardonyi-suli.hu\/index.php?rest_route=\/wp\/v2\/pages\/13","targetHints":{"allow":["GET"]}}],"collection":[{"href":"https:\/\/www.gardonyi-suli.hu\/index.php?rest_route=\/wp\/v2\/pages"}],"about":[{"href":"https:\/\/www.gardonyi-suli.hu\/index.php?rest_route=\/wp\/v2\/types\/page"}],"author":[{"embeddable":true,"href":"https:\/\/www.gardonyi-suli.hu\/index.php?rest_route=\/wp\/v2\/users\/1"}],"replies":[{"embeddable":true,"href":"https:\/\/www.gardonyi-suli.hu\/index.php?rest_route=%2Fwp%2Fv2%2Fcomments&post=13"}],"version-history":[{"count":6,"href":"https:\/\/www.gardonyi-suli.hu\/index.php?rest_route=\/wp\/v2\/pages\/13\/revisions"}],"predecessor-version":[{"id":2743,"href":"https:\/\/www.gardonyi-suli.hu\/index.php?rest_route=\/wp\/v2\/pages\/13\/revisions\/2743"}],"wp:attachment":[{"href":"https:\/\/www.gardonyi-suli.hu\/index.php?rest_route=%2Fwp%2Fv2%2Fmedia&parent=13"}],"curies":[{"name":"wp","href":"https:\/\/api.w.org\/{rel}","templated":true}]}}